{"id":384,"date":"2020-12-16T16:19:45","date_gmt":"2020-12-16T15:19:45","guid":{"rendered":"http:\/\/beckerstools.com\/?page_id=384"},"modified":"2020-12-17T08:09:51","modified_gmt":"2020-12-17T07:09:51","slug":"principes-generaux-de-securite-fepa","status":"publish","type":"page","link":"https:\/\/beckerstools.com\/index.php\/principes-generaux-de-securite-fepa\/","title":{"rendered":"Principes g\u00e9n\u00e9raux de s\u00e9curit\u00e9 Fepa"},"content":{"rendered":"\n<div class=\"wp-block-file\"><a href=\"https:\/\/beckerstools.com\/wp-content\/uploads\/2020\/12\/fepa-safety-leaflet-general-principles-french-snas-1.pdf\">fepa-safety-leaflet-general-principles-french-snas-1<\/a><a href=\"https:\/\/beckerstools.com\/wp-content\/uploads\/2020\/12\/fepa-safety-leaflet-general-principles-french-snas-1.pdf\" class=\"wp-block-file__button\" download>T\u00e9l\u00e9charger<\/a><\/div>\n\n\n\n<div class=\"wp-block-file\"><a href=\"https:\/\/beckerstools.com\/wp-content\/uploads\/2020\/12\/fepa-safety-leaflet-general-principles-french-snas-2.pdf\">fepa-safety-leaflet-general-principles-french-snas-2<\/a><a href=\"https:\/\/beckerstools.com\/wp-content\/uploads\/2020\/12\/fepa-safety-leaflet-general-principles-french-snas-2.pdf\" class=\"wp-block-file__button\" download>T\u00e9l\u00e9charger<\/a><\/div>\n","protected":false},"excerpt":{"rendered":"","protected":false},"author":5,"featured_media":0,"parent":0,"menu_order":0,"comment_status":"closed","ping_status":"closed","template":"","meta":{"footnotes":""},"class_list":["post-384","page","type-page","status-publish","hentry"],"_links":{"self":[{"href":"https:\/\/beckerstools.com\/index.php\/wp-json\/wp\/v2\/pages\/384","targetHints":{"allow":["GET"]}}],"collection":[{"href":"https:\/\/beckerstools.com\/index.php\/wp-json\/wp\/v2\/pages"}],"about":[{"href":"https:\/\/beckerstools.com\/index.php\/wp-json\/wp\/v2\/types\/page"}],"author":[{"embeddable":true,"href":"https:\/\/beckerstools.com\/index.php\/wp-json\/wp\/v2\/users\/5"}],"replies":[{"embeddable":true,"href":"https:\/\/beckerstools.com\/index.php\/wp-json\/wp\/v2\/comments?post=384"}],"version-history":[{"count":2,"href":"https:\/\/beckerstools.com\/index.php\/wp-json\/wp\/v2\/pages\/384\/revisions"}],"predecessor-version":[{"id":394,"href":"https:\/\/beckerstools.com\/index.php\/wp-json\/wp\/v2\/pages\/384\/revisions\/394"}],"wp:attachment":[{"href":"https:\/\/beckerstools.com\/index.php\/wp-json\/wp\/v2\/media?parent=384"}],"curies":[{"name":"wp","href":"https:\/\/api.w.org\/{rel}","templated":true}]}}